{"id":1357,"date":"2023-03-27T14:44:01","date_gmt":"2023-03-27T12:44:01","guid":{"rendered":"http:\/\/3.127.203.131\/?page_id=1357"},"modified":"2023-08-04T13:00:49","modified_gmt":"2023-08-04T11:00:49","slug":"impresszum","status":"publish","type":"page","link":"https:\/\/szta.hu\/en\/impresszum\/","title":{"rendered":"Imprint"},"content":{"rendered":"\t\t<div data-elementor-type=\"wp-page\" data-elementor-id=\"1357\" class=\"elementor elementor-1357\" data-elementor-post-type=\"page\">\n\t\t\t\t<div class=\"elementor-element elementor-element-7f80dcc e-flex e-con-boxed e-con e-parent\" data-id=\"7f80dcc\" data-element_type=\"container\" data-e-type=\"container\" data-settings=\"{&quot;background_background&quot;:&quot;classic&quot;}\">\n\t\t\t\t\t<div class=\"e-con-inner\">\n\t\t\t\t<div class=\"elementor-element elementor-element-4a575b8 elementor-widget elementor-widget-heading\" data-id=\"4a575b8\" data-element_type=\"widget\" data-e-type=\"widget\" data-widget_type=\"heading.default\">\n\t\t\t\t<div class=\"elementor-widget-container\">\n\t\t\t\t\t<h1 class=\"elementor-heading-title elementor-size-default\">Impresszum<\/h1>\t\t\t\t<\/div>\n\t\t\t\t<\/div>\n\t\t\t\t\t<\/div>\n\t\t\t\t<\/div>\n\t\t<div class=\"elementor-element elementor-element-a003e8e e-flex e-con-boxed e-con e-parent\" data-id=\"a003e8e\" data-element_type=\"container\" data-e-type=\"container\" data-settings=\"{&quot;background_background&quot;:&quot;classic&quot;}\">\n\t\t\t\t\t<div class=\"e-con-inner\">\n\t\t\t\t<div class=\"elementor-element elementor-element-f8fa7db elementor-widget elementor-widget-text-editor\" data-id=\"f8fa7db\" data-element_type=\"widget\" data-e-type=\"widget\" data-widget_type=\"text-editor.default\">\n\t\t\t\t<div class=\"elementor-widget-container\">\n\t\t\t\t\t\t\t\t\t<p><b>N\u00e9v<\/b>: Sz\u00e9chenyi Alapok Zrt.<\/p><p><b>Sz\u00e9khely<\/b>: 1072 Budapest, R\u00e1k\u00f3czi \u00fat 42.<\/p><p><b>El\u00e9rhet\u0151s\u00e9gek<\/b>:<\/p><p>E-mail: titkarsag@szta.hu, <a class=\"mail-link\" data-enc-email=\"gbxrorsrxgrgrf[at]fmgn.uh\" data-wpel-link=\"ignore\"><span id=\"eeb-976604-467110\">tokebefektetes@szta.hu<\/span><\/a><\/p><p>Telefonsz\u00e1m:\u00a0+36 1 413 27 40<\/p><p><b>Nyilv\u00e1ntart\u00e1sba vev\u0151 hat\u00f3s\u00e1g<\/b>: P\u00e9nz\u00fcgyi Szervezetek \u00c1llami Fel\u00fcgyelete<\/p><p><b>Hat\u00f3s\u00e1gi enged\u00e9ly sz\u00e1ma<\/b>: EN-III\/M-601\/2009<\/p><p><b>Ad\u00f3sz\u00e1m:<\/b>\u00a014830824-2-42<\/p><p><b>T\u00e1rhelyszolg\u00e1ltat\u00f3:<\/b><\/p><p><b>N\u00e9v:<\/b> T\u00e1rhely.Eu Kft.<\/p><p><b>Sz\u00e9khely:<\/b> 1097\u00a0Budapest,\u00a0K\u00f6nyves K\u00e1lm\u00e1n k\u00f6r\u00fat 12-14.<\/p><p><b>El\u00e9rhet\u0151s\u00e9g:<\/b> <a href=\"https:\/\/tarhely.eu\/kapcsolat\/\" rel=\"nofollow noopener\" target=\"_blank\">Kapcsolat a T\u00e1rhely.eu-val! (tarhely.eu)<\/a><\/p>\t\t\t\t\t\t\t\t<\/div>\n\t\t\t\t<\/div>\n\t\t\t\t\t<\/div>\n\t\t\t\t<\/div>\n\t\t\t\t<\/div>\n\t\t","protected":false},"excerpt":{"rendered":"<p>Impresszum N\u00e9v: Sz\u00e9chenyi Alapok Zrt. Sz\u00e9khely: 1072 Budapest, R\u00e1k\u00f3czi \u00fat 42. El\u00e9rhet\u0151s\u00e9gek: E-mail: titkarsag@szta.hu, tokebefektetes@szta.hu Telefonsz\u00e1m:&nbsp;+36 1 413 27 40 Nyilv\u00e1ntart\u00e1sba vev\u0151 hat\u00f3s\u00e1g: P\u00e9nz\u00fcgyi Szervezetek \u00c1llami Fel\u00fcgyelete Hat\u00f3s\u00e1gi enged\u00e9ly sz\u00e1ma: EN-III\/M-601\/2009 Ad\u00f3sz\u00e1m:&nbsp;14830824-2-42 T\u00e1rhelyszolg\u00e1ltat\u00f3: N\u00e9v: T\u00e1rhely.Eu Kft. Sz\u00e9khely: 1097&nbsp;Budapest,&nbsp;K\u00f6nyves K\u00e1lm\u00e1n k\u00f6r\u00fat 12-14. El\u00e9rhet\u0151s\u00e9g: Kapcsolat a T\u00e1rhely.eu-val! (tarhely.eu)<\/p>","protected":false},"author":2,"featured_media":0,"parent":0,"menu_order":0,"comment_status":"closed","ping_status":"closed","template":"","meta":{"_acf_changed":false,"footnotes":""},"class_list":["post-1357","page","type-page","status-publish","hentry"],"acf":[],"_links":{"self":[{"href":"https:\/\/szta.hu\/en\/wp-json\/wp\/v2\/pages\/1357","targetHints":{"allow":["GET"]}}],"collection":[{"href":"https:\/\/szta.hu\/en\/wp-json\/wp\/v2\/pages"}],"about":[{"href":"https:\/\/szta.hu\/en\/wp-json\/wp\/v2\/types\/page"}],"author":[{"embeddable":true,"href":"https:\/\/szta.hu\/en\/wp-json\/wp\/v2\/users\/2"}],"replies":[{"embeddable":true,"href":"https:\/\/szta.hu\/en\/wp-json\/wp\/v2\/comments?post=1357"}],"version-history":[{"count":14,"href":"https:\/\/szta.hu\/en\/wp-json\/wp\/v2\/pages\/1357\/revisions"}],"predecessor-version":[{"id":20956,"href":"https:\/\/szta.hu\/en\/wp-json\/wp\/v2\/pages\/1357\/revisions\/20956"}],"wp:attachment":[{"href":"https:\/\/szta.hu\/en\/wp-json\/wp\/v2\/media?parent=1357"}],"curies":[{"name":"wp","href":"https:\/\/api.w.org\/{rel}","templated":true}]}}