{"id":1370,"date":"2023-03-27T14:52:29","date_gmt":"2023-03-27T12:52:29","guid":{"rendered":"http:\/\/3.127.203.131\/?page_id=1370"},"modified":"2025-04-28T14:38:45","modified_gmt":"2025-04-28T12:38:45","slug":"felhasznalasi-feltetelek","status":"publish","type":"page","link":"https:\/\/szta.hu\/en\/felhasznalasi-feltetelek\/","title":{"rendered":"Terms of Use"},"content":{"rendered":"<div data-elementor-type=\"wp-page\" data-elementor-id=\"1370\" class=\"elementor elementor-1370\" data-elementor-post-type=\"page\">\n\t\t\t\t<div class=\"elementor-element elementor-element-7f80dcc e-flex e-con-boxed e-con e-parent\" data-id=\"7f80dcc\" data-element_type=\"container\" data-e-type=\"container\" data-settings=\"{&quot;background_background&quot;:&quot;classic&quot;}\">\n\t\t\t\t\t<div class=\"e-con-inner\">\n\t\t\t\t<div class=\"elementor-element elementor-element-4a575b8 elementor-widget elementor-widget-heading\" data-id=\"4a575b8\" data-element_type=\"widget\" data-e-type=\"widget\" data-widget_type=\"heading.default\">\n\t\t\t\t<div class=\"elementor-widget-container\">\n\t\t\t\t\t<h1 class=\"elementor-heading-title elementor-size-default\">Terms of Use<\/h1>\t\t\t\t<\/div>\n\t\t\t\t<\/div>\n\t\t\t\t\t<\/div>\n\t\t\t\t<\/div>\n\t\t<div class=\"elementor-element elementor-element-a003e8e e-flex e-con-boxed e-con e-parent\" data-id=\"a003e8e\" data-element_type=\"container\" data-e-type=\"container\" data-settings=\"{&quot;background_background&quot;:&quot;classic&quot;}\">\n\t\t\t\t\t<div class=\"e-con-inner\">\n\t\t\t\t<div class=\"elementor-element elementor-element-f8fa7db elementor-widget elementor-widget-text-editor\" data-id=\"f8fa7db\" data-element_type=\"widget\" data-e-type=\"widget\" data-widget_type=\"text-editor.default\">\n\t\t\t\t<div class=\"elementor-widget-container\">\n\t\t\t\t\t\t\t\t\t<div id=\"grve-content\" class=\"clearfix\"><div class=\"grve-content-wrapper\"><div id=\"grve-main-content\"><div class=\"grve-main-content-wrapper clearfix\"><div id=\"page-14081\" class=\"post-14081 page type-page status-publish hentry\"><div class=\"grve-container\"><p>A honlap eredeti szerkezete, k\u00fclalakja, tartalma a Sz\u00e9chenyi Alapok Zrt. szellemi alkot\u00e1sa, mint ilyen, jogi v\u00e9delem alatt \u00e1ll. A honlap sz\u00f6veges, valamint audio \u00e9s vizu\u00e1lis tartalma b\u00e1rki \u00e1ltal szabadon felhaszn\u00e1lhat\u00f3, id\u00e9zhet\u0151 \u00e9s t\u00f6bbsz\u00f6r\u00f6zhet\u0151 \u2013 felt\u00e9ve, hogy a tov\u00e1bbi felhaszn\u00e1l\u00e1s nem \u00fczleti, kereskedelmi c\u00e9lb\u00f3l t\u00f6rt\u00e9nik, \u00e9s a forr\u00e1sa felt\u00fcntet\u00e9sre ker\u00fcl. A m\u00e1sodk\u00f6zl\u00e9snek meg kell felelnie a vonatkoz\u00f3 jogszab\u00e1lyoknak, \u00edgy k\u00fcl\u00f6n\u00f6sen az <em>A m\u00e9diaszolg\u00e1ltat\u00e1sokr\u00f3l \u00e9s a t\u00f6megkommunik\u00e1ci\u00f3r\u00f3l sz\u00f3l\u00f3 2010. \u00e9vi CLXXXV. t\u00f6rv\u00e9ny, a B\u00fcntet\u0151 T\u00f6rv\u00e9nyk\u00f6nyv (2012. \u00e9vi C. t\u00f6rv\u00e9ny), a Polg\u00e1ri T\u00f6rv\u00e9nyk\u00f6nyv (2013. \u00e9vi V. t\u00f6rv\u00e9ny), valamint a Szerz\u0151i jogr\u00f3l sz\u00f3l\u00f3 1999. \u00e9vi LXXVI. t\u00f6rv\u00e9ny<\/em> rendelkez\u00e9seinek.<\/p><\/div><\/div><\/div><\/div><\/div><\/div>\t\t\t\t\t\t\t\t<\/div>\n\t\t\t\t<\/div>\n\t\t\t\t\t<\/div>\n\t\t\t\t<\/div>\n\t\t\t\t<\/div>","protected":false},"excerpt":{"rendered":"<p>Felhaszn\u00e1l\u00e1si felt\u00e9telek A honlap eredeti szerkezete, k\u00fclalakja, tartalma a Sz\u00e9chenyi Alapok Zrt. szellemi alkot\u00e1sa, mint ilyen, jogi v\u00e9delem alatt \u00e1ll. A honlap sz\u00f6veges, valamint audio \u00e9s vizu\u00e1lis tartalma b\u00e1rki \u00e1ltal szabadon felhaszn\u00e1lhat\u00f3, id\u00e9zhet\u0151 \u00e9s t\u00f6bbsz\u00f6r\u00f6zhet\u0151 \u2013 felt\u00e9ve, hogy a tov\u00e1bbi felhaszn\u00e1l\u00e1s nem \u00fczleti, kereskedelmi c\u00e9lb\u00f3l t\u00f6rt\u00e9nik, \u00e9s a forr\u00e1sa felt\u00fcntet\u00e9sre ker\u00fcl. A m\u00e1sodk\u00f6zl\u00e9snek meg kell [&hellip;]<\/p>\n","protected":false},"author":2,"featured_media":0,"parent":0,"menu_order":0,"comment_status":"closed","ping_status":"closed","template":"","meta":{"_acf_changed":false,"footnotes":""},"class_list":["post-1370","page","type-page","status-publish","hentry"],"acf":[],"_links":{"self":[{"href":"https:\/\/szta.hu\/en\/wp-json\/wp\/v2\/pages\/1370","targetHints":{"allow":["GET"]}}],"collection":[{"href":"https:\/\/szta.hu\/en\/wp-json\/wp\/v2\/pages"}],"about":[{"href":"https:\/\/szta.hu\/en\/wp-json\/wp\/v2\/types\/page"}],"author":[{"embeddable":true,"href":"https:\/\/szta.hu\/en\/wp-json\/wp\/v2\/users\/2"}],"replies":[{"embeddable":true,"href":"https:\/\/szta.hu\/en\/wp-json\/wp\/v2\/comments?post=1370"}],"version-history":[{"count":11,"href":"https:\/\/szta.hu\/en\/wp-json\/wp\/v2\/pages\/1370\/revisions"}],"predecessor-version":[{"id":21198,"href":"https:\/\/szta.hu\/en\/wp-json\/wp\/v2\/pages\/1370\/revisions\/21198"}],"wp:attachment":[{"href":"https:\/\/szta.hu\/en\/wp-json\/wp\/v2\/media?parent=1370"}],"curies":[{"name":"wp","href":"https:\/\/api.w.org\/{rel}","templated":true}]}}