{"id":1378,"date":"2023-03-27T14:53:42","date_gmt":"2023-03-27T12:53:42","guid":{"rendered":"http:\/\/3.127.203.131\/?page_id=1378"},"modified":"2023-08-04T13:01:06","modified_gmt":"2023-08-04T11:01:06","slug":"jogi-nyilatkozat","status":"publish","type":"page","link":"https:\/\/szta.hu\/en\/jogi-nyilatkozat\/","title":{"rendered":"Disclaimer"},"content":{"rendered":"<div data-elementor-type=\"wp-page\" data-elementor-id=\"1378\" class=\"elementor elementor-1378\" data-elementor-post-type=\"page\">\n\t\t\t\t<div class=\"elementor-element elementor-element-7f80dcc e-flex e-con-boxed e-con e-parent\" data-id=\"7f80dcc\" data-element_type=\"container\" data-e-type=\"container\" data-settings=\"{&quot;background_background&quot;:&quot;classic&quot;}\">\n\t\t\t\t\t<div class=\"e-con-inner\">\n\t\t\t\t<div class=\"elementor-element elementor-element-4a575b8 elementor-widget elementor-widget-heading\" data-id=\"4a575b8\" data-element_type=\"widget\" data-e-type=\"widget\" data-widget_type=\"heading.default\">\n\t\t\t\t<div class=\"elementor-widget-container\">\n\t\t\t\t\t<h1 class=\"elementor-heading-title elementor-size-default\">Disclaimer<\/h1>\t\t\t\t<\/div>\n\t\t\t\t<\/div>\n\t\t\t\t\t<\/div>\n\t\t\t\t<\/div>\n\t\t<div class=\"elementor-element elementor-element-a003e8e e-flex e-con-boxed e-con e-parent\" data-id=\"a003e8e\" data-element_type=\"container\" data-e-type=\"container\" data-settings=\"{&quot;background_background&quot;:&quot;classic&quot;}\">\n\t\t\t\t\t<div class=\"e-con-inner\">\n\t\t\t\t<div class=\"elementor-element elementor-element-f8fa7db elementor-widget elementor-widget-text-editor\" data-id=\"f8fa7db\" data-element_type=\"widget\" data-e-type=\"widget\" data-widget_type=\"text-editor.default\">\n\t\t\t\t<div class=\"elementor-widget-container\">\n\t\t\t\t\t\t\t\t\t<p>The original structure, appearance and content of the website are the intellectual creation of Sz\u00e9chenyi Alaps Zrt.; as such, it is subject to legal protection. The text, audio and visual content of this website may be freely used, quoted and reproduced by anyone \u2014 provided that further use is not for commercial, commercial purposes and the source is indicated. The second communication shall comply with the relevant paragraphs of Act CLXXXV of 2010 on Media Services and Mass Media, the Criminal Code (Act C of 2012), the Civil Code (Act V of 2013) and the Act on Copyright (Act LXXVI of 1999).<\/p><p>Communications placed on our website are intended to inform the public. No communication placed on the website can be considered as a contract offer or acceptance of a contract offer, it does not oblige Sz\u00e9chenyi Funds Ltd. to make a capital investment decision.<\/p><div class=\"grve-container\"><div class=\"grve-row grve-bookmark grve-columns-gap-30\"><div class=\"grve-column wpb_column grve-column-1\"><div class=\"grve-column-wrapper\"><div class=\"grve-element grve-text\"><p>Pursuant to Act XXII of 2021, the sole owner of Sz\u00e9chenyi Funds Ltd. is the Rudolf Kalman \u00d3buda University Foundation from January 1, 2022.<\/p><\/div><\/div><\/div><\/div><\/div>\t\t\t\t\t\t\t\t<\/div>\n\t\t\t\t<\/div>\n\t\t\t\t\t<\/div>\n\t\t\t\t<\/div>\n\t\t\t\t<\/div>","protected":false},"excerpt":{"rendered":"<p>Jogi nyilatkozat A honlap eredeti szerkezete, k\u00fclalakja, tartalma a Sz\u00e9chenyi Alapok Zrt. szellemi alkot\u00e1sa; mint ilyen, jogi v\u00e9delem alatt \u00e1ll. A honlap sz\u00f6veges, valamint audio \u00e9s vizu\u00e1lis tartalma b\u00e1rki \u00e1ltal szabadon felhaszn\u00e1lhat\u00f3, id\u00e9zhet\u0151 \u00e9s t\u00f6bbsz\u00f6r\u00f6zhet\u0151 \u2013 felt\u00e9ve, hogy a tov\u00e1bbi felhaszn\u00e1l\u00e1s nem \u00fczleti, kereskedelmi c\u00e9lb\u00f3l t\u00f6rt\u00e9nik, \u00e9s a forr\u00e1sa felt\u00fcntet\u00e9sre ker\u00fcl. A m\u00e1sodk\u00f6zl\u00e9snek meg kell [&hellip;]<\/p>\n","protected":false},"author":2,"featured_media":0,"parent":0,"menu_order":0,"comment_status":"closed","ping_status":"closed","template":"","meta":{"_acf_changed":false,"footnotes":""},"class_list":["post-1378","page","type-page","status-publish","hentry"],"acf":[],"_links":{"self":[{"href":"https:\/\/szta.hu\/en\/wp-json\/wp\/v2\/pages\/1378","targetHints":{"allow":["GET"]}}],"collection":[{"href":"https:\/\/szta.hu\/en\/wp-json\/wp\/v2\/pages"}],"about":[{"href":"https:\/\/szta.hu\/en\/wp-json\/wp\/v2\/types\/page"}],"author":[{"embeddable":true,"href":"https:\/\/szta.hu\/en\/wp-json\/wp\/v2\/users\/2"}],"replies":[{"embeddable":true,"href":"https:\/\/szta.hu\/en\/wp-json\/wp\/v2\/comments?post=1378"}],"version-history":[{"count":5,"href":"https:\/\/szta.hu\/en\/wp-json\/wp\/v2\/pages\/1378\/revisions"}],"predecessor-version":[{"id":20957,"href":"https:\/\/szta.hu\/en\/wp-json\/wp\/v2\/pages\/1378\/revisions\/20957"}],"wp:attachment":[{"href":"https:\/\/szta.hu\/en\/wp-json\/wp\/v2\/media?parent=1378"}],"curies":[{"name":"wp","href":"https:\/\/api.w.org\/{rel}","templated":true}]}}