{"id":568,"date":"2023-02-03T11:59:21","date_gmt":"2023-02-03T10:59:21","guid":{"rendered":"http:\/\/3.127.203.131\/?page_id=568"},"modified":"2024-04-05T11:15:16","modified_gmt":"2024-04-05T09:15:16","slug":"kapcsolat","status":"publish","type":"page","link":"https:\/\/szta.hu\/en\/kapcsolat\/","title":{"rendered":"Contact"},"content":{"rendered":"\t\t<div data-elementor-type=\"wp-page\" data-elementor-id=\"568\" class=\"elementor elementor-568\" data-elementor-post-type=\"page\">\n\t\t\t\t<div class=\"elementor-element elementor-element-7f80dcc e-flex e-con-boxed e-con e-parent\" data-id=\"7f80dcc\" data-element_type=\"container\" data-e-type=\"container\" data-settings=\"{&quot;background_background&quot;:&quot;classic&quot;}\">\n\t\t\t\t\t<div class=\"e-con-inner\">\n\t\t\t\t<div class=\"elementor-element elementor-element-4a575b8 elementor-widget elementor-widget-heading\" data-id=\"4a575b8\" data-element_type=\"widget\" data-e-type=\"widget\" data-widget_type=\"heading.default\">\n\t\t\t\t<div class=\"elementor-widget-container\">\n\t\t\t\t\t<h1 class=\"elementor-heading-title elementor-size-default\">Kapcsolat<\/h1>\t\t\t\t<\/div>\n\t\t\t\t<\/div>\n\t\t\t\t<div class=\"elementor-element elementor-element-79c4d09 elementor-widget__width-initial elementor-widget elementor-widget-text-editor\" data-id=\"79c4d09\" data-element_type=\"widget\" data-e-type=\"widget\" data-widget_type=\"text-editor.default\">\n\t\t\t\t<div class=\"elementor-widget-container\">\n\t\t\t\t\t\t\t\t\t<p>Ha k\u00e9rd\u00e9sed mer\u00fclt fel vagy csatlakozn\u00e1l a csapatunkhoz, keress meg minket!<\/p>\t\t\t\t\t\t\t\t<\/div>\n\t\t\t\t<\/div>\n\t\t\t\t\t<\/div>\n\t\t\t\t<\/div>\n\t\t<div class=\"elementor-element elementor-element-a003e8e e-flex e-con-boxed e-con e-parent\" data-id=\"a003e8e\" data-element_type=\"container\" data-e-type=\"container\" data-settings=\"{&quot;background_background&quot;:&quot;classic&quot;}\">\n\t\t\t\t\t<div class=\"e-con-inner\">\n\t\t\t\t<div class=\"elementor-element elementor-element-29c63cd url-controlled-elem e-n-tabs-mobile elementor-widget elementor-widget-n-tabs\" data-id=\"29c63cd\" data-element_type=\"widget\" data-e-type=\"widget\" data-settings=\"{&quot;tabs_justify_horizontal&quot;:&quot;stretch&quot;,&quot;horizontal_scroll&quot;:&quot;disable&quot;}\" data-widget_type=\"nested-tabs.default\">\n\t\t\t\t<div class=\"elementor-widget-container\">\n\t\t\t\t\t\t\t<div class=\"e-n-tabs\" data-widget-number=\"43803597\" aria-label=\"Tabs. Open items with Enter or Space, close with Escape and navigate using the Arrow keys.\">\n\t\t\t<div class=\"e-n-tabs-heading\" role=\"tablist\">\n\t\t\t\t\t<button id=\"kapcsolatfelvetel\" data-tab-title-id=\"e-n-tab-title-438035971\" class=\"e-n-tab-title\" aria-selected=\"true\" data-tab-index=\"1\" role=\"tab\" tabindex=\"0\" aria-controls=\"e-n-tab-content-438035971\" style=\"--n-tabs-title-order: 1;\">\n\t\t\t\t\t\t<span class=\"e-n-tab-title-text\">\n\t\t\t\tKapcsolatfelv\u00e9tel\t\t\t<\/span>\n\t\t<\/button>\n\t\t\t\t<button id=\"tokeigenyles\" data-tab-title-id=\"e-n-tab-title-438035972\" class=\"e-n-tab-title\" aria-selected=\"false\" data-tab-index=\"2\" role=\"tab\" tabindex=\"-1\" aria-controls=\"e-n-tab-content-438035972\" style=\"--n-tabs-title-order: 2;\">\n\t\t\t\t\t\t<span class=\"e-n-tab-title-text\">\n\t\t\t\tT\u0151keig\u00e9nyl\u00e9s\t\t\t<\/span>\n\t\t<\/button>\n\t\t\t\t<button id=\"karrier\" data-tab-title-id=\"e-n-tab-title-438035973\" class=\"e-n-tab-title\" aria-selected=\"false\" data-tab-index=\"3\" role=\"tab\" tabindex=\"-1\" aria-controls=\"e-n-tab-content-438035973\" style=\"--n-tabs-title-order: 3;\">\n\t\t\t\t\t\t<span class=\"e-n-tab-title-text\">\n\t\t\t\tKarrier\t\t\t<\/span>\n\t\t<\/button>\n\t\t\t\t\t<\/div>\n\t\t\t<div class=\"e-n-tabs-content\">\n\t\t\t\t<div id=\"e-n-tab-content-438035971\" role=\"tabpanel\" aria-labelledby=\"kapcsolatfelvetel\" data-tab-index=\"1\" style=\"--n-tabs-title-order: 1;\" class=\"e-active elementor-element elementor-element-2ee80dc e-con-full e-flex e-con e-parent\" data-id=\"2ee80dc\" data-element_type=\"container\" data-e-type=\"container\">\n\t\t<div class=\"elementor-element elementor-element-4b49f29 e-con-full e-flex e-con e-parent\" data-id=\"4b49f29\" data-element_type=\"container\" data-e-type=\"container\">\n\t\t\t\t<div class=\"elementor-element elementor-element-60bd05a elementor-widget elementor-widget-heading\" data-id=\"60bd05a\" data-element_type=\"widget\" data-e-type=\"widget\" data-widget_type=\"heading.default\">\n\t\t\t\t<div class=\"elementor-widget-container\">\n\t\t\t\t\t<h2 class=\"elementor-heading-title elementor-size-default\">\u00cdrj nek\u00fcnk<\/h2>\t\t\t\t<\/div>\n\t\t\t\t<\/div>\n\t\t\t\t<div class=\"elementor-element elementor-element-4ca664d elementor-widget elementor-widget-text-editor\" data-id=\"4ca664d\" data-element_type=\"widget\" data-e-type=\"widget\" data-widget_type=\"text-editor.default\">\n\t\t\t\t<div class=\"elementor-widget-container\">\n\t\t\t\t\t\t\t\t\t<p>K\u00e9rd\u00e9sed mer\u00fclt fel?<\/p><p>\u00cdrj nek\u00fcnk, \u00e9s tov\u00e1bb\u00edtjuk k\u00e9rd\u00e9sed szak\u00e9rt\u0151 koll\u00e9g\u00e1ink egyik\u00e9hez, aki r\u00f6videsen felveszi veled a kapcsolatot.<\/p>\t\t\t\t\t\t\t\t<\/div>\n\t\t\t\t<\/div>\n\t\t\t\t<div class=\"elementor-element elementor-element-5f925bb elementor-widget elementor-widget-heading\" data-id=\"5f925bb\" data-element_type=\"widget\" data-e-type=\"widget\" data-widget_type=\"heading.default\">\n\t\t\t\t<div class=\"elementor-widget-container\">\n\t\t\t\t\t<h2 class=\"elementor-heading-title elementor-size-default\">Tov\u00e1bbi el\u00e9rhet\u0151s\u00e9geink<\/h2>\t\t\t\t<\/div>\n\t\t\t\t<\/div>\n\t\t\t\t<div class=\"elementor-element elementor-element-968ea75 elementor-view-stacked elementor-shape-square elementor-position-inline-start elementor-mobile-position-inline-start elementor-widget-mobile__width-inherit elementor-widget elementor-widget-icon-box\" data-id=\"968ea75\" data-element_type=\"widget\" data-e-type=\"widget\" data-widget_type=\"icon-box.default\">\n\t\t\t\t<div class=\"elementor-widget-container\">\n\t\t\t\t\t\t\t<div class=\"elementor-icon-box-wrapper\">\n\n\t\t\t\t\t\t<div class=\"elementor-icon-box-icon\">\n\t\t\t\t<a href=\"tel:%20+36%201%20413%2027%2040%20\" class=\"elementor-icon\" tabindex=\"-1\" aria-label=\"+36 1 413 27 40\">\n\t\t\t\t<svg aria-hidden=\"true\" class=\"e-font-icon-svg e-fas-phone-alt\" viewBox=\"0 0 512 512\" xmlns=\"http:\/\/www.w3.org\/2000\/svg\"><path d=\"M497.39 361.8l-112-48a24 24 0 0 0-28 6.9l-49.6 60.6A370.66 370.66 0 0 1 130.6 204.11l60.6-49.6a23.94 23.94 0 0 0 6.9-28l-48-112A24.16 24.16 0 0 0 122.6.61l-104 24A24 24 0 0 0 0 48c0 256.5 207.9 464 464 464a24 24 0 0 0 23.4-18.6l24-104a24.29 24.29 0 0 0-14.01-27.6z\"><\/path><\/svg>\t\t\t\t<\/a>\n\t\t\t<\/div>\n\t\t\t\n\t\t\t\t\t\t<div class=\"elementor-icon-box-content\">\n\n\t\t\t\t\t\t\t\t\t<h3 class=\"elementor-icon-box-title\">\n\t\t\t\t\t\t<a href=\"tel:%20+36%201%20413%2027%2040%20\" >\n\t\t\t\t\t\t\t+36 1 413 27 40\t\t\t\t\t\t<\/a>\n\t\t\t\t\t<\/h3>\n\t\t\t\t\n\t\t\t\t\n\t\t\t<\/div>\n\t\t\t\n\t\t<\/div>\n\t\t\t\t\t\t<\/div>\n\t\t\t\t<\/div>\n\t\t\t\t<div class=\"elementor-element elementor-element-30b5caa elementor-view-stacked elementor-shape-square elementor-position-inline-start elementor-widget__width-initial elementor-mobile-position-inline-start elementor-widget-mobile__width-inherit elementor-widget elementor-widget-icon-box\" data-id=\"30b5caa\" data-element_type=\"widget\" data-e-type=\"widget\" data-widget_type=\"icon-box.default\">\n\t\t\t\t<div class=\"elementor-widget-container\">\n\t\t\t\t\t\t\t<div class=\"elementor-icon-box-wrapper\">\n\n\t\t\t\t\t\t<div class=\"elementor-icon-box-icon\">\n\t\t\t\t<a href=\"https:\/\/goo.gl\/maps\/pK28mgVj7KpQQAoS7\" target=\"_blank\" class=\"elementor-icon\" tabindex=\"-1\" aria-label=\"1072 Budapest, R\u00e1k\u00f3czi \u00fat 42. (EMKE Irodah\u00e1z) VI. emelet\" rel=\"nofollow noopener\">\n\t\t\t\t<svg aria-hidden=\"true\" class=\"e-font-icon-svg e-fas-map-marker-alt\" viewBox=\"0 0 384 512\" xmlns=\"http:\/\/www.w3.org\/2000\/svg\"><path d=\"M172.268 501.67C26.97 291.031 0 269.413 0 192 0 85.961 85.961 0 192 0s192 85.961 192 192c0 77.413-26.97 99.031-172.268 309.67-9.535 13.774-29.93 13.773-39.464 0zM192 272c44.183 0 80-35.817 80-80s-35.817-80-80-80-80 35.817-80 80 35.817 80 80 80z\"><\/path><\/svg>\t\t\t\t<\/a>\n\t\t\t<\/div>\n\t\t\t\n\t\t\t\t\t\t<div class=\"elementor-icon-box-content\">\n\n\t\t\t\t\t\t\t\t\t<h3 class=\"elementor-icon-box-title\">\n\t\t\t\t\t\t<a href=\"https:\/\/goo.gl\/maps\/pK28mgVj7KpQQAoS7\" target=\"_blank\" rel=\"nofollow noopener\">\n\t\t\t\t\t\t\t1072 Budapest, R\u00e1k\u00f3czi \u00fat 42. (EMKE Irodah\u00e1z) VI. emelet\t\t\t\t\t\t<\/a>\n\t\t\t\t\t<\/h3>\n\t\t\t\t\n\t\t\t\t\n\t\t\t<\/div>\n\t\t\t\n\t\t<\/div>\n\t\t\t\t\t\t<\/div>\n\t\t\t\t<\/div>\n\t\t\t\t<div class=\"elementor-element elementor-element-5fb40e7 elementor-widget elementor-widget-text-editor\" data-id=\"5fb40e7\" data-element_type=\"widget\" data-e-type=\"widget\" data-widget_type=\"text-editor.default\">\n\t\t\t\t<div class=\"elementor-widget-container\">\n\t\t\t\t\t\t\t\t\t<p>K\u00f6vess minket a k\u00f6z\u00f6ss\u00e9gi h\u00e1l\u00f3kon is!<\/p>\t\t\t\t\t\t\t\t<\/div>\n\t\t\t\t<\/div>\n\t\t\t\t<div class=\"elementor-element elementor-element-207b6c8 e-grid-align-left elementor-shape-rounded elementor-grid-0 elementor-widget elementor-widget-social-icons\" data-id=\"207b6c8\" data-element_type=\"widget\" data-e-type=\"widget\" data-widget_type=\"social-icons.default\">\n\t\t\t\t<div class=\"elementor-widget-container\">\n\t\t\t\t\t\t\t<div class=\"elementor-social-icons-wrapper elementor-grid\" role=\"list\">\n\t\t\t\t\t\t\t<span class=\"elementor-grid-item\" role=\"listitem\">\n\t\t\t\t\t<a class=\"elementor-icon elementor-social-icon elementor-social-icon-twitter elementor-repeater-item-08df845\" target=\"_blank\">\n\t\t\t\t\t\t<span class=\"elementor-screen-only\">Twitter<\/span>\n\t\t\t\t\t\t<svg aria-hidden=\"true\" class=\"e-font-icon-svg e-fab-twitter\" viewBox=\"0 0 512 512\" xmlns=\"http:\/\/www.w3.org\/2000\/svg\"><path d=\"M459.37 151.716c.325 4.548.325 9.097.325 13.645 0 138.72-105.583 298.558-298.558 298.558-59.452 0-114.68-17.219-161.137-47.106 8.447.974 16.568 1.299 25.34 1.299 49.055 0 94.213-16.568 130.274-44.832-46.132-.975-84.792-31.188-98.112-72.772 6.498.974 12.995 1.624 19.818 1.624 9.421 0 18.843-1.3 27.614-3.573-48.081-9.747-84.143-51.98-84.143-102.985v-1.299c13.969 7.797 30.214 12.67 47.431 13.319-28.264-18.843-46.781-51.005-46.781-87.391 0-19.492 5.197-37.36 14.294-52.954 51.655 63.675 129.3 105.258 216.365 109.807-1.624-7.797-2.599-15.918-2.599-24.04 0-57.828 46.782-104.934 104.934-104.934 30.213 0 57.502 12.67 76.67 33.137 23.715-4.548 46.456-13.32 66.599-25.34-7.798 24.366-24.366 44.833-46.132 57.827 21.117-2.273 41.584-8.122 60.426-16.243-14.292 20.791-32.161 39.308-52.628 54.253z\"><\/path><\/svg>\t\t\t\t\t<\/a>\n\t\t\t\t<\/span>\n\t\t\t\t\t\t\t<span class=\"elementor-grid-item\" role=\"listitem\">\n\t\t\t\t\t<a class=\"elementor-icon elementor-social-icon elementor-social-icon-linkedin-in elementor-repeater-item-335d797\" target=\"_blank\">\n\t\t\t\t\t\t<span class=\"elementor-screen-only\">Linkedin-in<\/span>\n\t\t\t\t\t\t<svg aria-hidden=\"true\" class=\"e-font-icon-svg e-fab-linkedin-in\" viewBox=\"0 0 448 512\" xmlns=\"http:\/\/www.w3.org\/2000\/svg\"><path d=\"M100.28 448H7.4V148.9h92.88zM53.79 108.1C24.09 108.1 0 83.5 0 53.8a53.79 53.79 0 0 1 107.58 0c0 29.7-24.1 54.3-53.79 54.3zM447.9 448h-92.68V302.4c0-34.7-.7-79.2-48.29-79.2-48.29 0-55.69 37.7-55.69 76.7V448h-92.78V148.9h89.08v40.8h1.3c12.4-23.5 42.69-48.3 87.88-48.3 94 0 111.28 61.9 111.28 142.3V448z\"><\/path><\/svg>\t\t\t\t\t<\/a>\n\t\t\t\t<\/span>\n\t\t\t\t\t<\/div>\n\t\t\t\t\t\t<\/div>\n\t\t\t\t<\/div>\n\t\t\t\t<\/div>\n\t\t<div class=\"elementor-element elementor-element-74ace55 e-con-full e-flex e-con e-parent\" data-id=\"74ace55\" data-element_type=\"container\" data-e-type=\"container\">\n\t\t\t\t<div class=\"elementor-element elementor-element-d12baf8 elementor-widget elementor-widget-shortcode\" data-id=\"d12baf8\" data-element_type=\"widget\" data-e-type=\"widget\" data-widget_type=\"shortcode.default\">\n\t\t\t\t<div class=\"elementor-widget-container\">\n\t\t\t\t\t\t\t<div class=\"elementor-shortcode\"><form id=\"forminator-module-567\" class=\"forminator-custom-form forminator-custom-form-567\" method=\"post\" data-forminator-render=\"0\" data-uid=\"69d6cd66dfcfd\"><div role=\"alert\" aria-live=\"polite\" class=\"forminator-response-message forminator-error\" aria-hidden=\"true\"><\/div><\/form><\/div>\n\t\t\t\t\t\t<\/div>\n\t\t\t\t<\/div>\n\t\t\t\t<\/div>\n\t\t\t\t<\/div>\n\t\t<div id=\"e-n-tab-content-438035972\" role=\"tabpanel\" aria-labelledby=\"tokeigenyles\" data-tab-index=\"2\" style=\"--n-tabs-title-order: 2;\" class=\" elementor-element elementor-element-7007d57 e-con-full e-flex e-con e-parent\" data-id=\"7007d57\" data-element_type=\"container\" data-e-type=\"container\">\n\t\t<div class=\"elementor-element elementor-element-2cef9d0 e-con-full e-flex e-con e-parent\" data-id=\"2cef9d0\" data-element_type=\"container\" data-e-type=\"container\">\n\t\t\t\t<div class=\"elementor-element elementor-element-a7a678c elementor-widget elementor-widget-heading\" data-id=\"a7a678c\" data-element_type=\"widget\" data-e-type=\"widget\" data-widget_type=\"heading.default\">\n\t\t\t\t<div class=\"elementor-widget-container\">\n\t\t\t\t\t<h2 class=\"elementor-heading-title elementor-size-default\">tedd meg most az els\u0151 l\u00e9p\u00e9st<\/h2>\t\t\t\t<\/div>\n\t\t\t\t<\/div>\n\t\t\t\t<div class=\"elementor-element elementor-element-47068f9 elementor-widget elementor-widget-text-editor\" data-id=\"47068f9\" data-element_type=\"widget\" data-e-type=\"widget\" data-widget_type=\"text-editor.default\">\n\t\t\t\t<div class=\"elementor-widget-container\">\n\t\t\t\t\t\t\t\t\t<p>FIGYELEM: befektet\u00e9si lehet\u0151s\u00e9geink dinamikus n\u00f6veked\u00e9si potenci\u00e1llal rendelkez\u0151, <strong>\u00e9rett f\u00e1zisban lev\u0151<\/strong> v\u00e1llalatokra terjednek ki. <br \/>Jellemz\u0151 befektet\u00e9s\u00fcnk fenti c\u00e9gekbe kb. 400 milli\u00f3 forintt\u00f3l mintegy 10 milli\u00e1rd forintig terjed a r\u00e9szletesen kidolgozott \u00fczleti terv adta ig\u00e9nyek \u00e9s lehet\u0151s\u00e9gek alapj\u00e1n.<\/p><p>\u00cdrj nek\u00fcnk \u00e9s kihozzuk v\u00e1llalkoz\u00e1sodb\u00f3l a benne rejl\u0151 maxim\u00e1lis potenci\u00e1lt.<\/p><p>T\u0151kebefektet\u00e9ssel, szak\u00e9rt\u0151 csapatunk integr\u00e1l\u00e1s\u00e1val \u00e9s strat\u00e9giai tervez\u00e9ssel juthatsz versenyel\u0151nyh\u00f6z a magyar \u00e9s nemzetk\u00f6zi piacon.<\/p>\t\t\t\t\t\t\t\t<\/div>\n\t\t\t\t<\/div>\n\t\t\t\t<\/div>\n\t\t<div class=\"elementor-element elementor-element-f98908a e-con-full e-flex e-con e-parent\" data-id=\"f98908a\" data-element_type=\"container\" data-e-type=\"container\">\n\t\t\t\t<div class=\"elementor-element elementor-element-ac31b15 elementor-widget elementor-widget-shortcode\" data-id=\"ac31b15\" data-element_type=\"widget\" data-e-type=\"widget\" data-widget_type=\"shortcode.default\">\n\t\t\t\t<div class=\"elementor-widget-container\">\n\t\t\t\t\t\t\t<div class=\"elementor-shortcode\"><form id=\"forminator-module-588\" class=\"forminator-custom-form forminator-custom-form-588\" method=\"post\" data-forminator-render=\"0\" data-uid=\"69d6cd66e2b11\"><div role=\"alert\" aria-live=\"polite\" class=\"forminator-response-message forminator-error\" aria-hidden=\"true\"><\/div><\/form><\/div>\n\t\t\t\t\t\t<\/div>\n\t\t\t\t<\/div>\n\t\t\t\t<\/div>\n\t\t\t\t<\/div>\n\t\t<div id=\"e-n-tab-content-438035973\" role=\"tabpanel\" aria-labelledby=\"karrier\" data-tab-index=\"3\" style=\"--n-tabs-title-order: 3;\" class=\" elementor-element elementor-element-c0cad43 e-con-full e-flex e-con e-parent\" data-id=\"c0cad43\" data-element_type=\"container\" data-e-type=\"container\">\n\t\t<div class=\"elementor-element elementor-element-3d900b5 e-con-full e-flex e-con e-parent\" data-id=\"3d900b5\" data-element_type=\"container\" data-e-type=\"container\">\n\t\t\t\t<div class=\"elementor-element elementor-element-53af855 elementor-widget elementor-widget-heading\" data-id=\"53af855\" data-element_type=\"widget\" data-e-type=\"widget\" data-widget_type=\"heading.default\">\n\t\t\t\t<div class=\"elementor-widget-container\">\n\t\t\t\t\t<h2 class=\"elementor-heading-title elementor-size-default\">Csatlakozz TE IS<\/h2>\t\t\t\t<\/div>\n\t\t\t\t<\/div>\n\t\t\t\t<div class=\"elementor-element elementor-element-e692771 elementor-widget elementor-widget-text-editor\" data-id=\"e692771\" data-element_type=\"widget\" data-e-type=\"widget\" data-widget_type=\"text-editor.default\">\n\t\t\t\t<div class=\"elementor-widget-container\">\n\t\t\t\t\t\t\t\t\t<p>A Sz\u00e9chenyi Alapok Zrt. kock\u00e1zati t\u0151keprogramjai r\u00e9v\u00e9n a hazai n\u00f6veked\u0151 kis- \u00e9s k\u00f6z\u00e9pv\u00e1llalkoz\u00e1sok teljes k\u00f6re sz\u00e1m\u00e1ra biztos\u00edt t\u0151k\u00e9t term\u00e9kfejleszt\u00e9s\u00fck, piaci b\u0151v\u00fcl\u00e9s\u00fck valamint exporttev\u00e9kenys\u00e9g\u00fck finansz\u00edroz\u00e1s\u00e1hoz.<\/p>\t\t\t\t\t\t\t\t<\/div>\n\t\t\t\t<\/div>\n\t\t\t\t<div class=\"elementor-element elementor-element-06cbf4d elementor-widget elementor-widget-shortcode\" data-id=\"06cbf4d\" data-element_type=\"widget\" data-e-type=\"widget\" data-widget_type=\"shortcode.default\">\n\t\t\t\t<div class=\"elementor-widget-container\">\n\t\t\t\t\t\t\t<div class=\"elementor-shortcode\"><form id=\"forminator-module-1263\" class=\"forminator-custom-form forminator-custom-form-1263\" method=\"post\" data-forminator-render=\"0\" data-uid=\"69d6cd66e5f48\"><div role=\"alert\" aria-live=\"polite\" class=\"forminator-response-message forminator-error\" aria-hidden=\"true\"><\/div><\/form><\/div>\n\t\t\t\t\t\t<\/div>\n\t\t\t\t<\/div>\n\t\t\t\t<\/div>\n\t\t\t\t<\/div>\n\t\t\t\t\t<\/div>\n\t\t<\/div>\n\t\t\t\t\t\t<\/div>\n\t\t\t\t<\/div>\n\t\t\t\t\t<\/div>\n\t\t\t\t<\/div>\n\t\t<div class=\"elementor-element elementor-element-eb227cd e-flex e-con-boxed e-con e-parent\" data-id=\"eb227cd\" data-element_type=\"container\" data-e-type=\"container\">\n\t\t\t\t\t<div class=\"e-con-inner\">\n\t\t\t\t<div class=\"elementor-element elementor-element-a07c2f7 elementor-widget elementor-widget-html\" data-id=\"a07c2f7\" data-element_type=\"widget\" data-e-type=\"widget\" data-widget_type=\"html.default\">\n\t\t\t\t<div class=\"elementor-widget-container\">\n\t\t\t\t\t<script>\nwindow.addEventListener('load', function() {\njQuery(function($){\n\nlet desktoptitles = $('.url-controlled-elem .e-n-tabs-heading > .e-n-tab-title');\nlet mobiletitles = $('.url-controlled-elem .e-n-tabs-content > .e-n-tab-title');\n\nlet strings = ['?kapcsolat',\n'?tokeigenyles',\n'?karrier'\n];\n\nstrings.forEach( (string,i) => {\nif (window.location.href.indexOf(string) > -1) {\ndesktoptitles.eq(i).click();\nmobiletitles.eq(i).click();\n$('html, body').animate({\nscrollTop: desktoptitles.eq(i).offset().top - 100\n},'slow');\n} } );\n}); });\n<\/script>\n\t\t\t\t<\/div>\n\t\t\t\t<\/div>\n\t\t\t\t\t<\/div>\n\t\t\t\t<\/div>\n\t\t\t\t<\/div>\n\t\t","protected":false},"excerpt":{"rendered":"<p>Kapcsolat Ha k\u00e9rd\u00e9sed mer\u00fclt fel vagy csatlakozn\u00e1l a csapatunkhoz, keress meg minket! Kapcsolatfelv\u00e9tel T\u0151keig\u00e9nyl\u00e9s Karrier Kapcsolatfelv\u00e9tel \u00cdrj nek\u00fcnk K\u00e9rd\u00e9sed mer\u00fclt fel? \u00cdrj nek\u00fcnk, \u00e9s tov\u00e1bb\u00edtjuk k\u00e9rd\u00e9sed szak\u00e9rt\u0151 koll\u00e9g\u00e1ink egyik\u00e9hez, aki r\u00f6videsen felveszi veled a kapcsolatot. Tov\u00e1bbi el\u00e9rhet\u0151s\u00e9geink +36 1 413 27 40 1072 Budapest, R\u00e1k\u00f3czi \u00fat 42. (EMKE Irodah\u00e1z) VI. emelet K\u00f6vess minket a k\u00f6z\u00f6ss\u00e9gi [&hellip;]<\/p>\n","protected":false},"author":2,"featured_media":0,"parent":0,"menu_order":0,"comment_status":"closed","ping_status":"closed","template":"","meta":{"_acf_changed":false,"footnotes":""},"class_list":["post-568","page","type-page","status-publish","hentry"],"acf":[],"_links":{"self":[{"href":"https:\/\/szta.hu\/en\/wp-json\/wp\/v2\/pages\/568","targetHints":{"allow":["GET"]}}],"collection":[{"href":"https:\/\/szta.hu\/en\/wp-json\/wp\/v2\/pages"}],"about":[{"href":"https:\/\/szta.hu\/en\/wp-json\/wp\/v2\/types\/page"}],"author":[{"embeddable":true,"href":"https:\/\/szta.hu\/en\/wp-json\/wp\/v2\/users\/2"}],"replies":[{"embeddable":true,"href":"https:\/\/szta.hu\/en\/wp-json\/wp\/v2\/comments?post=568"}],"version-history":[{"count":93,"href":"https:\/\/szta.hu\/en\/wp-json\/wp\/v2\/pages\/568\/revisions"}],"predecessor-version":[{"id":21031,"href":"https:\/\/szta.hu\/en\/wp-json\/wp\/v2\/pages\/568\/revisions\/21031"}],"wp:attachment":[{"href":"https:\/\/szta.hu\/en\/wp-json\/wp\/v2\/media?parent=568"}],"curies":[{"name":"wp","href":"https:\/\/api.w.org\/{rel}","templated":true}]}}