{"id":907,"date":"2023-03-06T11:54:42","date_gmt":"2023-03-06T10:54:42","guid":{"rendered":"http:\/\/3.127.203.131\/?page_id=907"},"modified":"2025-02-20T10:21:45","modified_gmt":"2025-02-20T09:21:45","slug":"karrier","status":"publish","type":"page","link":"https:\/\/szta.hu\/en\/karrier\/","title":{"rendered":"Career"},"content":{"rendered":"<div data-elementor-type=\"wp-page\" data-elementor-id=\"907\" class=\"elementor elementor-907\" data-elementor-post-type=\"page\">\n\t\t\t\t<div class=\"elementor-element elementor-element-74792fb e-flex e-con-boxed e-con e-parent\" data-id=\"74792fb\" data-element_type=\"container\" data-e-type=\"container\" data-settings=\"{&quot;background_background&quot;:&quot;classic&quot;}\">\n\t\t\t\t\t<div class=\"e-con-inner\">\n\t\t\t\t<div class=\"elementor-element elementor-element-a5de4b9 elementor-widget elementor-widget-heading\" data-id=\"a5de4b9\" data-element_type=\"widget\" data-e-type=\"widget\" data-widget_type=\"heading.default\">\n\t\t\t\t<div class=\"elementor-widget-container\">\n\t\t\t\t\t<h1 class=\"elementor-heading-title elementor-size-default\">Career<\/h1>\t\t\t\t<\/div>\n\t\t\t\t<\/div>\n\t\t\t\t<div class=\"elementor-element elementor-element-0a68e7b elementor-widget__width-initial elementor-widget elementor-widget-text-editor\" data-id=\"0a68e7b\" data-element_type=\"widget\" data-e-type=\"widget\" data-widget_type=\"text-editor.default\">\n\t\t\t\t<div class=\"elementor-widget-container\">\n\t\t\t\t\t\t\t\t\t<p>With us you can meet a variety of professional challenging tasks on a daily basis; our colleagues are recognized experts in a field, an inspiring professional community and atmosphere awaits you and a firm background.<\/p>\t\t\t\t\t\t\t\t<\/div>\n\t\t\t\t<\/div>\n\t\t\t\t\t<\/div>\n\t\t\t\t<\/div>\n\t\t<div class=\"elementor-element elementor-element-96b86b8 e-flex e-con-boxed e-con e-parent\" data-id=\"96b86b8\" data-element_type=\"container\" data-e-type=\"container\" data-settings=\"{&quot;background_background&quot;:&quot;gradient&quot;}\">\n\t\t\t\t\t<div class=\"e-con-inner\">\n\t\t<div class=\"elementor-element elementor-element-3c8a5ff e-con-full e-flex e-con e-child\" data-id=\"3c8a5ff\" data-element_type=\"container\" data-e-type=\"container\">\n\t\t\t\t<div class=\"elementor-element elementor-element-832a2f4 elementor-widget-divider--view-line_text elementor-widget-divider--element-align-center elementor-widget elementor-widget-divider\" data-id=\"832a2f4\" data-element_type=\"widget\" data-e-type=\"widget\" data-widget_type=\"divider.default\">\n\t\t\t\t<div class=\"elementor-widget-container\">\n\t\t\t\t\t\t\t<div class=\"elementor-divider\">\n\t\t\t<span class=\"elementor-divider-separator\">\n\t\t\t\t\t\t\t<h4 class=\"elementor-divider__text elementor-divider__element\">\n\t\t\t\tWhy is SZA a Good Choice?\t\t\t\t<\/h4>\n\t\t\t\t\t\t<\/span>\n\t\t<\/div>\n\t\t\t\t\t\t<\/div>\n\t\t\t\t<\/div>\n\t\t\t\t<div class=\"elementor-element elementor-element-0a92483 elementor-widget elementor-widget-text-editor\" data-id=\"0a92483\" data-element_type=\"widget\" data-e-type=\"widget\" data-widget_type=\"text-editor.default\">\n\t\t\t\t<div class=\"elementor-widget-container\">\n\t\t\t\t\t\t\t\t\t<p>Work for a company where expertise, development and success are all important.<\/p><p>As one of the largest and most active investors in the domestic capital market, we manage assets of more than HUF 150 billion. Our portfolio includes innovative and growth-oriented companies such as Gloster, Billingo, AutoWallis or Cafe Frei.<\/p><p>By joining us, you can be a part of these and other success stories while learning from the best investment professionals. <br \/>Working at Sz\u00e9chenyi Funds is not only a job, but also an opportunity for further development, career ladder and a community of inspiring teams.<\/p>\t\t\t\t\t\t\t\t<\/div>\n\t\t\t\t<\/div>\n\t\t\t\t<div class=\"elementor-element elementor-element-0003e57 elementor-widget elementor-widget-heading\" data-id=\"0003e57\" data-element_type=\"widget\" data-e-type=\"widget\" data-widget_type=\"heading.default\">\n\t\t\t\t<div class=\"elementor-widget-container\">\n\t\t\t\t\t<h2 class=\"elementor-heading-title elementor-size-default\">Our staff said<\/h2>\t\t\t\t<\/div>\n\t\t\t\t<\/div>\n\t\t<div class=\"elementor-element elementor-element-1c2d593 e-flex e-con-boxed e-con e-child\" data-id=\"1c2d593\" data-element_type=\"container\" data-e-type=\"container\">\n\t\t\t\t\t<div class=\"e-con-inner\">\n\t\t<div class=\"elementor-element elementor-element-559e020 e-con-full e-flex e-con e-child\" data-id=\"559e020\" data-element_type=\"container\" data-e-type=\"container\">\n\t\t\t\t<div class=\"elementor-element elementor-element-3ed12c1 elementor-widget__width-initial elementor-absolute elementor-widget elementor-widget-image\" data-id=\"3ed12c1\" data-element_type=\"widget\" data-e-type=\"widget\" data-settings=\"{&quot;_position&quot;:&quot;absolute&quot;}\" data-widget_type=\"image.default\">\n\t\t\t\t<div class=\"elementor-widget-container\">\n\t\t\t\t\t\t\t\t\t\t\t\t\t\t\t<img decoding=\"async\" width=\"144\" height=\"106\" src=\"https:\/\/www.szta.hu\/wp-content\/uploads\/2023\/02\/quote.webp\" class=\"attachment-large size-large wp-image-613\" alt=\"\" \/>\t\t\t\t\t\t\t\t\t\t\t\t\t\t\t<\/div>\n\t\t\t\t<\/div>\n\t\t\t\t<div class=\"elementor-element elementor-element-64dfad6 elementor-widget elementor-widget-testimonial\" data-id=\"64dfad6\" data-element_type=\"widget\" data-e-type=\"widget\" data-widget_type=\"testimonial.default\">\n\t\t\t\t<div class=\"elementor-widget-container\">\n\t\t\t\t\t\t\t<div class=\"elementor-testimonial-wrapper\">\n\t\t\t\t\t\t\t<div class=\"elementor-testimonial-content\">\u201cIt's good to be a SZTA because no two days, cases or clients are the same here, so if you're looking for versatility and varied work, you'll find it with us.\u201d<\/div>\n\t\t\t\n\t\t\t\t\t\t<div class=\"elementor-testimonial-meta elementor-has-image elementor-testimonial-image-position-aside\">\n\t\t\t\t<div class=\"elementor-testimonial-meta-inner\">\n\t\t\t\t\t\t\t\t\t\t\t<div class=\"elementor-testimonial-image\">\n\t\t\t\t\t\t\t<img decoding=\"async\" width=\"200\" height=\"200\" src=\"https:\/\/www.szta.hu\/wp-content\/uploads\/2023\/06\/Veszna.jpeg\" class=\"attachment-full size-full wp-image-20863\" alt=\"\" \/>\t\t\t\t\t\t<\/div>\n\t\t\t\t\t\n\t\t\t\t\t\t\t\t\t\t<div class=\"elementor-testimonial-details\">\n\t\t\t\t\t\t\t\t\t\t\t\t\t\t<div class=\"elementor-testimonial-name\">Veszna V\u00e1rhelyi<\/div>\n\t\t\t\t\t\t\t\t\t\t\t\t\t\t\t\t\t\t\t\t\t\t<div class=\"elementor-testimonial-job\">Investment Manager<\/div>\n\t\t\t\t\t\t\t\t\t\t\t\t\t<\/div>\n\t\t\t\t\t\t\t\t\t<\/div>\n\t\t\t<\/div>\n\t\t\t\t\t<\/div>\n\t\t\t\t\t\t<\/div>\n\t\t\t\t<\/div>\n\t\t\t\t<div class=\"elementor-element elementor-element-dc4fcbc elementor-widget elementor-widget-testimonial\" data-id=\"dc4fcbc\" data-element_type=\"widget\" data-e-type=\"widget\" data-widget_type=\"testimonial.default\">\n\t\t\t\t<div class=\"elementor-widget-container\">\n\t\t\t\t\t\t\t<div class=\"elementor-testimonial-wrapper\">\n\t\t\t\t\t\t\t<div class=\"elementor-testimonial-content\">\u201cWhy would you work here? \nBecause we make sure you are the most competent player at a negotiating table.\u201d<\/div>\n\t\t\t\n\t\t\t\t\t\t<div class=\"elementor-testimonial-meta elementor-has-image elementor-testimonial-image-position-aside\">\n\t\t\t\t<div class=\"elementor-testimonial-meta-inner\">\n\t\t\t\t\t\t\t\t\t\t\t<div class=\"elementor-testimonial-image\">\n\t\t\t\t\t\t\t<img decoding=\"async\" width=\"168\" height=\"168\" src=\"https:\/\/www.szta.hu\/wp-content\/uploads\/2023\/05\/Csintalan-Zsolt.jpeg\" class=\"attachment-full size-full wp-image-20675\" alt=\"\" \/>\t\t\t\t\t\t<\/div>\n\t\t\t\t\t\n\t\t\t\t\t\t\t\t\t\t<div class=\"elementor-testimonial-details\">\n\t\t\t\t\t\t\t\t\t\t\t\t\t\t<div class=\"elementor-testimonial-name\">Zsolt Csintalan<\/div>\n\t\t\t\t\t\t\t\t\t\t\t\t\t\t\t\t\t\t\t\t\t\t<div class=\"elementor-testimonial-job\">HR Manager<\/div>\n\t\t\t\t\t\t\t\t\t\t\t\t\t<\/div>\n\t\t\t\t\t\t\t\t\t<\/div>\n\t\t\t<\/div>\n\t\t\t\t\t<\/div>\n\t\t\t\t\t\t<\/div>\n\t\t\t\t<\/div>\n\t\t\t\t<\/div>\n\t\t\t\t\t<\/div>\n\t\t\t\t<\/div>\n\t\t\t\t<\/div>\n\t\t<div class=\"elementor-element elementor-element-c01bf4d e-con-full e-flex e-con e-child\" data-id=\"c01bf4d\" data-element_type=\"container\" data-e-type=\"container\">\n\t\t\t\t<div class=\"elementor-element elementor-element-c42dea2 elementor-widget elementor-widget-heading\" data-id=\"c42dea2\" data-element_type=\"widget\" data-e-type=\"widget\" data-widget_type=\"heading.default\">\n\t\t\t\t<div class=\"elementor-widget-container\">\n\t\t\t\t\t<h2 class=\"elementor-heading-title elementor-size-default\">Our open positions<\/h2>\t\t\t\t<\/div>\n\t\t\t\t<\/div>\n\t\t\t\t<\/div>\n\t\t\t\t\t<\/div>\n\t\t\t\t<\/div>\n\t\t<div class=\"elementor-element elementor-element-255ede31 e-flex e-con-boxed e-con e-parent\" data-id=\"255ede31\" data-element_type=\"container\" data-e-type=\"container\" data-settings=\"{&quot;background_background&quot;:&quot;classic&quot;}\">\n\t\t\t\t\t<div class=\"e-con-inner\">\n\t\t<div class=\"elementor-element elementor-element-49e8c467 e-con-full e-flex e-con e-child\" data-id=\"49e8c467\" data-element_type=\"container\" data-e-type=\"container\">\n\t\t\t\t<div class=\"elementor-element elementor-element-cd1fe40 elementor-widget elementor-widget-heading\" data-id=\"cd1fe40\" data-element_type=\"widget\" data-e-type=\"widget\" data-widget_type=\"heading.default\">\n\t\t\t\t<div class=\"elementor-widget-container\">\n\t\t\t\t\t<h2 class=\"elementor-heading-title elementor-size-default\">K\u00fcldd el az \u00f6n\u00e9letrajzod!<\/h2>\t\t\t\t<\/div>\n\t\t\t\t<\/div>\n\t\t\t\t<div class=\"elementor-element elementor-element-173b31f elementor-widget elementor-widget-text-editor\" data-id=\"173b31f\" data-element_type=\"widget\" data-e-type=\"widget\" data-widget_type=\"text-editor.default\">\n\t\t\t\t<div class=\"elementor-widget-container\">\n\t\t\t\t\t\t\t\t\t<p>Ha szeretn\u00e9l csatlakozni a csapatunkhoz, akkor kattints a gombra \u00e9s k\u00fcldd el az \u00f6n\u00e9letrajzod az \u0171rlap seg\u00edts\u00e9g\u00e9vel.<\/p>\t\t\t\t\t\t\t\t<\/div>\n\t\t\t\t<\/div>\n\t\t\t\t<\/div>\n\t\t<div class=\"elementor-element elementor-element-20de0d42 e-con-full e-flex e-con e-child\" data-id=\"20de0d42\" data-element_type=\"container\" data-e-type=\"container\">\n\t\t\t\t<div class=\"elementor-element elementor-element-5dba3009 blue-grad-bg elementor-widget__width-initial elementor-mobile-align-justify elementor-widget-mobile__width-inherit elementor-widget elementor-widget-button\" data-id=\"5dba3009\" data-element_type=\"widget\" data-e-type=\"widget\" data-widget_type=\"button.default\">\n\t\t\t\t<div class=\"elementor-widget-container\">\n\t\t\t\t\t\t\t\t\t<div class=\"elementor-button-wrapper\">\n\t\t\t\t\t<a class=\"elementor-button elementor-button-link elementor-size-sm\" href=\"\/en\/kapcsolat\/?karrier\">\n\t\t\t\t\t\t<span class=\"elementor-button-content-wrapper\">\n\t\t\t\t\t\t\t\t\t<span class=\"elementor-button-text\">Take the first step<\/span>\n\t\t\t\t\t<\/span>\n\t\t\t\t\t<\/a>\n\t\t\t\t<\/div>\n\t\t\t\t\t\t\t\t<\/div>\n\t\t\t\t<\/div>\n\t\t\t\t<\/div>\n\t\t\t\t\t<\/div>\n\t\t\t\t<\/div>\n\t\t\t\t<\/div>","protected":false},"excerpt":{"rendered":"<p>Karrier N\u00e1lunk v\u00e1ltozatos szakmai kih\u00edv\u00e1st jelent\u0151 feladatokkal tal\u00e1lkozhatsz napi szinten; koll\u00e9g\u00e1ink egy-egy ter\u00fclet elismert szak\u00e9rt\u0151i, inspir\u00e1l\u00f3 szakmai k\u00f6z\u00f6ss\u00e9g \u00e9s l\u00e9gk\u00f6r v\u00e1r \u00e9s biztos c\u00e9ges h\u00e1tt\u00e9r. Mi\u00e9rt j\u00f3 v\u00e1laszt\u00e1s az SZTA? Dolgozz olyan c\u00e9gn\u00e9l, ahol a szak\u00e9rtelem, a fejl\u0151d\u00e9s \u00e9s a sikeress\u00e9g egyar\u00e1nt fontos. A\u00a0 hazai t\u0151kepiac egyik legnagyobb \u00e9s legakt\u00edvabb befektet\u0151jek\u00e9nt t\u00f6bb mint 150 milli\u00e1rd [&hellip;]<\/p>\n","protected":false},"author":2,"featured_media":0,"parent":0,"menu_order":0,"comment_status":"closed","ping_status":"closed","template":"","meta":{"_acf_changed":false,"footnotes":""},"class_list":["post-907","page","type-page","status-publish","hentry"],"acf":[],"_links":{"self":[{"href":"https:\/\/szta.hu\/en\/wp-json\/wp\/v2\/pages\/907","targetHints":{"allow":["GET"]}}],"collection":[{"href":"https:\/\/szta.hu\/en\/wp-json\/wp\/v2\/pages"}],"about":[{"href":"https:\/\/szta.hu\/en\/wp-json\/wp\/v2\/types\/page"}],"author":[{"embeddable":true,"href":"https:\/\/szta.hu\/en\/wp-json\/wp\/v2\/users\/2"}],"replies":[{"embeddable":true,"href":"https:\/\/szta.hu\/en\/wp-json\/wp\/v2\/comments?post=907"}],"version-history":[{"count":110,"href":"https:\/\/szta.hu\/en\/wp-json\/wp\/v2\/pages\/907\/revisions"}],"predecessor-version":[{"id":21178,"href":"https:\/\/szta.hu\/en\/wp-json\/wp\/v2\/pages\/907\/revisions\/21178"}],"wp:attachment":[{"href":"https:\/\/szta.hu\/en\/wp-json\/wp\/v2\/media?parent=907"}],"curies":[{"name":"wp","href":"https:\/\/api.w.org\/{rel}","templated":true}]}}